{"id":31,"date":"2023-10-18T01:17:01","date_gmt":"2023-10-18T01:17:01","guid":{"rendered":"https:\/\/dreamworld.cl\/?page_id=31"},"modified":"2023-10-26T00:10:41","modified_gmt":"2023-10-26T00:10:41","slug":"contacto","status":"publish","type":"page","link":"https:\/\/dreamworld.cl\/?page_id=31","title":{"rendered":"Contacto"},"content":{"rendered":"<p>[et_pb_section fb_built=\u00bb1&#8243; admin_label=\u00bbContact Section\u00bb _builder_version=\u00bb4.23&#8243; use_background_color_gradient=\u00bbon\u00bb background_color_gradient_stops=\u00bb#ffffff 20%|rgba(255,255,255,0) 80%\u00bb background_color_gradient_overlays_image=\u00bbon\u00bb background_color_gradient_start=\u00bb#ffffff\u00bb background_color_gradient_start_position=\u00bb20%\u00bb background_color_gradient_end=\u00bbrgba(255,255,255,0)\u00bb background_color_gradient_end_position=\u00bb80%\u00bb background_image=\u00bbhttps:\/\/dreamworld.cl\/wp-content\/uploads\/2023\/10\/2-8c93bb64-8a5b-478f-96b3-abf2db8d083f-1920&#215;1280.jpg\u00bb background_position=\u00bbbottom_center\u00bb custom_padding=\u00bb120px|0px|0px|0px\u00bb saved_tabs=\u00bball\u00bb global_colors_info=\u00bb{}\u00bb][et_pb_row column_structure=\u00bb1_2,1_2&#8243; admin_label=\u00bbContact Us Row\u00bb _builder_version=\u00bb4.16&#8243; global_colors_info=\u00bb{}\u00bb][et_pb_column type=\u00bb1_2&#8243; _builder_version=\u00bb4.16&#8243; custom_padding=\u00bb|||\u00bb global_colors_info=\u00bb{}\u00bb custom_padding__hover=\u00bb|||\u00bb][et_pb_text _builder_version=\u00bb4.23&#8243; text_font=\u00bbOpen Sans|600|||||||\u00bb text_font_size=\u00bb16px\u00bb text_line_height=\u00bb1.8em\u00bb header_font=\u00bb||||||||\u00bb header_2_font=\u00bbOswald|||on|||||\u00bb header_2_font_size=\u00bb45px\u00bb header_2_letter_spacing=\u00bb3px\u00bb header_2_line_height=\u00bb1.4em\u00bb module_alignment=\u00bbcenter\u00bb custom_margin=\u00bb40px|||\u00bb custom_margin_tablet=\u00bb0px|||\u00bb custom_margin_phone=\u00bb|||\u00bb custom_margin_last_edited=\u00bbon|phone\u00bb global_colors_info=\u00bb{}\u00bb]<\/p>\n<h2>Cont\u00e1ctanos<\/h2>\n<p><span>Estamos aqu\u00ed para responder a tus preguntas y atender tus necesidades. Si deseas obtener m\u00e1s informaci\u00f3n sobre nuestros servicios o si tienes alguna consulta, no dudes en ponerte en contacto con nosotros. Estaremos encantados de ayudarte.<\/span><\/p>\n<p>[\/et_pb_text][\/et_pb_column][et_pb_column type=\u00bb1_2&#8243; _builder_version=\u00bb4.16&#8243; custom_padding=\u00bb|||\u00bb global_colors_info=\u00bb{}\u00bb custom_padding__hover=\u00bb|||\u00bb][et_pb_contact_form captcha=\u00bboff\u00bb email=\u00bbtarjetas@dreamworld.cl\u00bb module_id=\u00bbet_pb_contact_form_0&#8243; _builder_version=\u00bb4.23&#8243; _unique_id=\u00bb359633b1-39f4-450c-8e8b-3a42805c3cc3&#8243; form_field_background_color=\u00bbrgba(255,255,255,0.4)\u00bb form_field_text_color=\u00bbrgba(0,0,0,0.4)\u00bb form_field_font=\u00bbOpen Sans|600|||||||\u00bb form_field_font_size=\u00bb14px\u00bb custom_button=\u00bbon\u00bb button_text_size=\u00bb14px\u00bb button_text_color=\u00bb#ffffff\u00bb button_bg_color=\u00bb#000000&#8243; button_border_width=\u00bb10px\u00bb button_border_color=\u00bbrgba(0,0,0,0)\u00bb button_border_radius=\u00bb30px\u00bb button_letter_spacing=\u00bb2px\u00bb button_font=\u00bbOpen Sans|700||on|||||\u00bb button_use_icon=\u00bboff\u00bb border_width_all=\u00bb2px\u00bb border_color_all=\u00bbrgba(51,51,51,0.1)\u00bb form_background_color=\u00bbrgba(255,255,255,0.4)\u00bb global_colors_info=\u00bb{}\u00bb][et_pb_contact_field field_id=\u00bbNombre\u00bb field_title=\u00bbNombre\u00bb _builder_version=\u00bb4.23&#8243; global_colors_info=\u00bb{}\u00bb button_text_size__hover_enabled=\u00bboff\u00bb button_one_text_size__hover_enabled=\u00bboff\u00bb button_two_text_size__hover_enabled=\u00bboff\u00bb button_text_color__hover_enabled=\u00bboff\u00bb button_one_text_color__hover_enabled=\u00bboff\u00bb button_two_text_color__hover_enabled=\u00bboff\u00bb button_border_width__hover_enabled=\u00bboff\u00bb button_one_border_width__hover_enabled=\u00bboff\u00bb button_two_border_width__hover_enabled=\u00bboff\u00bb button_border_color__hover_enabled=\u00bboff\u00bb button_one_border_color__hover_enabled=\u00bboff\u00bb button_two_border_color__hover_enabled=\u00bboff\u00bb button_border_radius__hover_enabled=\u00bboff\u00bb button_one_border_radius__hover_enabled=\u00bboff\u00bb button_two_border_radius__hover_enabled=\u00bboff\u00bb button_letter_spacing__hover_enabled=\u00bboff\u00bb button_one_letter_spacing__hover_enabled=\u00bboff\u00bb button_two_letter_spacing__hover_enabled=\u00bboff\u00bb button_bg_color__hover_enabled=\u00bboff\u00bb button_one_bg_color__hover_enabled=\u00bboff\u00bb button_two_bg_color__hover_enabled=\u00bboff\u00bb][\/et_pb_contact_field][et_pb_contact_field field_id=\u00bbEmail\u00bb field_title=\u00bbEmail Address\u00bb field_type=\u00bbemail\u00bb _builder_version=\u00bb4.23&#8243; global_colors_info=\u00bb{}\u00bb button_text_size__hover_enabled=\u00bboff\u00bb button_one_text_size__hover_enabled=\u00bboff\u00bb button_two_text_size__hover_enabled=\u00bboff\u00bb button_text_color__hover_enabled=\u00bboff\u00bb button_one_text_color__hover_enabled=\u00bboff\u00bb button_two_text_color__hover_enabled=\u00bboff\u00bb button_border_width__hover_enabled=\u00bboff\u00bb button_one_border_width__hover_enabled=\u00bboff\u00bb button_two_border_width__hover_enabled=\u00bboff\u00bb button_border_color__hover_enabled=\u00bboff\u00bb button_one_border_color__hover_enabled=\u00bboff\u00bb button_two_border_color__hover_enabled=\u00bboff\u00bb button_border_radius__hover_enabled=\u00bboff\u00bb button_one_border_radius__hover_enabled=\u00bboff\u00bb button_two_border_radius__hover_enabled=\u00bboff\u00bb button_letter_spacing__hover_enabled=\u00bboff\u00bb button_one_letter_spacing__hover_enabled=\u00bboff\u00bb button_two_letter_spacing__hover_enabled=\u00bboff\u00bb button_bg_color__hover_enabled=\u00bboff\u00bb button_one_bg_color__hover_enabled=\u00bboff\u00bb button_two_bg_color__hover_enabled=\u00bboff\u00bb][\/et_pb_contact_field][et_pb_contact_field field_id=\u00bbMensaje\u00bb field_title=\u00bbMensaje \u00bb field_type=\u00bbtext\u00bb fullwidth_field=\u00bbon\u00bb _builder_version=\u00bb4.23&#8243; global_colors_info=\u00bb{}\u00bb button_text_size__hover_enabled=\u00bboff\u00bb button_one_text_size__hover_enabled=\u00bboff\u00bb button_two_text_size__hover_enabled=\u00bboff\u00bb button_text_color__hover_enabled=\u00bboff\u00bb button_one_text_color__hover_enabled=\u00bboff\u00bb button_two_text_color__hover_enabled=\u00bboff\u00bb button_border_width__hover_enabled=\u00bboff\u00bb button_one_border_width__hover_enabled=\u00bboff\u00bb button_two_border_width__hover_enabled=\u00bboff\u00bb button_border_color__hover_enabled=\u00bboff\u00bb button_one_border_color__hover_enabled=\u00bboff\u00bb button_two_border_color__hover_enabled=\u00bboff\u00bb button_border_radius__hover_enabled=\u00bboff\u00bb button_one_border_radius__hover_enabled=\u00bboff\u00bb button_two_border_radius__hover_enabled=\u00bboff\u00bb button_letter_spacing__hover_enabled=\u00bboff\u00bb button_one_letter_spacing__hover_enabled=\u00bboff\u00bb button_two_letter_spacing__hover_enabled=\u00bboff\u00bb button_bg_color__hover_enabled=\u00bboff\u00bb button_one_bg_color__hover_enabled=\u00bboff\u00bb button_two_bg_color__hover_enabled=\u00bboff\u00bb][\/et_pb_contact_field][\/et_pb_contact_form][\/et_pb_column][\/et_pb_row][et_pb_row admin_label=\u00bbSocial Media Row\u00bb _builder_version=\u00bb4.16&#8243; use_background_color_gradient=\u00bbon\u00bb background_color_gradient_stops=\u00bbrgba(255,255,255,0) 0%|#ffffff 74%\u00bb background_color_gradient_start=\u00bbrgba(255,255,255,0)\u00bb background_color_gradient_end=\u00bb#ffffff\u00bb background_color_gradient_end_position=\u00bb74%\u00bb width=\u00bb100%\u00bb max_width=\u00bb100%\u00bb custom_margin=\u00bb30%|||\u00bb custom_margin_tablet=\u00bb\u00bb custom_margin_phone=\u00bb\u00bb custom_margin_last_edited=\u00bbon|desktop\u00bb custom_padding=\u00bb120px|0px|40px|0px\u00bb use_custom_width=\u00bbon\u00bb width_unit=\u00bboff\u00bb custom_width_percent=\u00bb100%\u00bb global_colors_info=\u00bb{}\u00bb][et_pb_column type=\u00bb4_4&#8243; _builder_version=\u00bb4.16&#8243; custom_padding=\u00bb|||\u00bb global_colors_info=\u00bb{}\u00bb custom_padding__hover=\u00bb|||\u00bb][\/et_pb_column][\/et_pb_row][\/et_pb_section][et_pb_section fb_built=\u00bb1&#8243; admin_label=\u00bbContact Info Section\u00bb _builder_version=\u00bb4.16&#8243; custom_padding=\u00bb100px|0px|100px|0px\u00bb global_colors_info=\u00bb{}\u00bb][et_pb_row column_structure=\u00bb1_4,1_4,1_4,1_4&#8243; make_equal=\u00bbon\u00bb admin_label=\u00bbContact Info Row\u00bb _builder_version=\u00bb4.16&#8243; background_color=\u00bb#ffffff\u00bb custom_margin=\u00bb|||\u00bb custom_padding=\u00bb|||\u00bb border_radii=\u00bbon|5px|5px|5px|5px\u00bb global_colors_info=\u00bb{}\u00bb][et_pb_column type=\u00bb1_4&#8243; _builder_version=\u00bb4.16&#8243; custom_padding=\u00bb|||\u00bb global_colors_info=\u00bb{}\u00bb custom_padding__hover=\u00bb|||\u00bb][et_pb_blurb title=\u00bbUbicaci\u00f3n\u00bb image=\u00bbhttps:\/\/dreamworld.cl\/wp-content\/uploads\/2023\/10\/location.png\u00bb image_icon_width=\u00bb40px\u00bb admin_label=\u00bbLocation\u00bb _builder_version=\u00bb4.23&#8243; header_level=\u00bbh6&#8243; header_font=\u00bbOswald|||on|||||\u00bb header_font_size=\u00bb16px\u00bb header_letter_spacing=\u00bb2px\u00bb header_line_height=\u00bb1.7em\u00bb body_font=\u00bbOpen Sans|600|||||||\u00bb body_text_color=\u00bbrgba(0,0,0,0.4)\u00bb text_orientation=\u00bbcenter\u00bb animation_style=\u00bbzoom\u00bb animation_intensity_zoom=\u00bb10%\u00bb animation=\u00bboff\u00bb image_max_width=\u00bb40px\u00bb global_colors_info=\u00bb{}\u00bb]<\/p>\n<p><span>V Regi\u00f3n, Valpara\u00edso<\/span><\/p>\n<p>[\/et_pb_blurb][\/et_pb_column][et_pb_column type=\u00bb1_4&#8243; _builder_version=\u00bb4.16&#8243; custom_padding=\u00bb|||\u00bb global_colors_info=\u00bb{}\u00bb custom_padding__hover=\u00bb|||\u00bb][et_pb_blurb title=\u00bbPhone\u00bb image=\u00bbhttps:\/\/dreamworld.cl\/wp-content\/uploads\/2023\/10\/mobile-phone.png\u00bb image_icon_width=\u00bb40px\u00bb admin_label=\u00bbContact\u00bb _builder_version=\u00bb4.23&#8243; header_level=\u00bbh6&#8243; header_font=\u00bbOswald|||on|||||\u00bb header_font_size=\u00bb16px\u00bb header_letter_spacing=\u00bb2px\u00bb header_line_height=\u00bb1.7em\u00bb body_font=\u00bbOpen Sans|600|||||||\u00bb body_text_color=\u00bbrgba(0,0,0,0.4)\u00bb text_orientation=\u00bbcenter\u00bb animation_style=\u00bbzoom\u00bb animation_delay=\u00bb100ms\u00bb animation_intensity_zoom=\u00bb10%\u00bb animation=\u00bboff\u00bb image_max_width=\u00bb40px\u00bb global_colors_info=\u00bb{}\u00bb]<\/p>\n<p>+569 96<span>795756<\/span><\/p>\n<p>[\/et_pb_blurb][\/et_pb_column][et_pb_column type=\u00bb1_4&#8243; _builder_version=\u00bb4.16&#8243; custom_padding=\u00bb|||\u00bb global_colors_info=\u00bb{}\u00bb custom_padding__hover=\u00bb|||\u00bb][et_pb_blurb title=\u00bbeMail\u00bb image=\u00bbhttps:\/\/dreamworld.cl\/wp-content\/uploads\/2023\/10\/envelope.png\u00bb image_icon_width=\u00bb40px\u00bb admin_label=\u00bbEmail\u00bb _builder_version=\u00bb4.23&#8243; header_level=\u00bbh6&#8243; header_font=\u00bbOswald|||on|||||\u00bb header_font_size=\u00bb16px\u00bb header_letter_spacing=\u00bb2px\u00bb header_line_height=\u00bb1.7em\u00bb body_font=\u00bbOpen Sans|600|||||||\u00bb body_text_color=\u00bbrgba(0,0,0,0.4)\u00bb text_orientation=\u00bbcenter\u00bb animation_style=\u00bbzoom\u00bb animation_delay=\u00bb200ms\u00bb animation_intensity_zoom=\u00bb10%\u00bb animation=\u00bboff\u00bb image_max_width=\u00bb40px\u00bb global_colors_info=\u00bb{}\u00bb]<\/p>\n<p><span>tarjetas@dreamworld.cl<\/span><\/p>\n<p>[\/et_pb_blurb][\/et_pb_column][et_pb_column type=\u00bb1_4&#8243; _builder_version=\u00bb4.16&#8243; custom_padding=\u00bb|||\u00bb global_colors_info=\u00bb{}\u00bb custom_padding__hover=\u00bb|||\u00bb][et_pb_blurb title=\u00bbOpen hours\u00bb image=\u00bbhttps:\/\/dreamworld.cl\/wp-content\/uploads\/2023\/10\/clock.png\u00bb image_icon_width=\u00bb40px\u00bb admin_label=\u00bbBasic Info\u00bb _builder_version=\u00bb4.23&#8243; header_level=\u00bbh6&#8243; header_font=\u00bbOswald|||on|||||\u00bb header_font_size=\u00bb16px\u00bb header_letter_spacing=\u00bb2px\u00bb header_line_height=\u00bb1.7em\u00bb body_font=\u00bbOpen Sans|600|||||||\u00bb body_text_color=\u00bbrgba(0,0,0,0.4)\u00bb text_orientation=\u00bbcenter\u00bb animation_style=\u00bbzoom\u00bb animation_delay=\u00bb300ms\u00bb animation_intensity_zoom=\u00bb10%\u00bb animation=\u00bboff\u00bb image_max_width=\u00bb40px\u00bb global_colors_info=\u00bb{}\u00bb]<\/p>\n<p><span>L-V: 9 am &#8211; 17:30 pm<\/span><\/p>\n<p>[\/et_pb_blurb][\/et_pb_column][\/et_pb_row][\/et_pb_section][et_pb_section fb_built=\u00bb1&#8243; admin_label=\u00bbFooter Section\u00bb _builder_version=\u00bb4.16&#8243; background_color=\u00bb#000000&#8243; custom_padding=\u00bb101px|0px|101px|0px\u00bb saved_tabs=\u00bball\u00bb global_colors_info=\u00bb{}\u00bb][et_pb_row column_structure=\u00bb1_4,1_4,1_4,1_4&#8243; admin_label=\u00bbFooter Row\u00bb _builder_version=\u00bb4.16&#8243; global_colors_info=\u00bb{}\u00bb][et_pb_column type=\u00bb1_4&#8243; _builder_version=\u00bb4.16&#8243; custom_padding=\u00bb|||\u00bb global_colors_info=\u00bb{}\u00bb custom_padding__hover=\u00bb|||\u00bb][et_pb_image src=\u00bbhttps:\/\/dreamworld.cl\/wp-content\/uploads\/2023\/10\/LOGO-PESTANA.png\u00bb align_tablet=\u00bbcenter\u00bb align_phone=\u00bb\u00bb align_last_edited=\u00bbon|desktop\u00bb admin_label=\u00bblogo\u00bb _builder_version=\u00bb4.23&#8243; max_width=\u00bb50%\u00bb hover_enabled=\u00bb0&#8243; global_colors_info=\u00bb{}\u00bb title_text=\u00bbLOGO PESTANA\u00bb sticky_enabled=\u00bb0&#8243;][\/et_pb_image][\/et_pb_column][et_pb_column type=\u00bb1_4&#8243; _builder_version=\u00bb4.16&#8243; custom_padding=\u00bb|||\u00bb global_colors_info=\u00bb{}\u00bb custom_padding__hover=\u00bb|||\u00bb][et_pb_text admin_label=\u00bbLinks\u00bb _builder_version=\u00bb4.23&#8243; text_font=\u00bbOpen Sans|600|||||||\u00bb text_text_color=\u00bb#ffffff\u00bb text_line_height=\u00bb1.4em\u00bb link_font=\u00bbOpen Sans|600|||||||\u00bb link_text_color=\u00bb#ffffff\u00bb link_line_height=\u00bb2.5em\u00bb header_font=\u00bb||||||||\u00bb header_2_font=\u00bb||||||||\u00bb header_3_font=\u00bb||||||||\u00bb header_6_font=\u00bbOswald|500||on|||||\u00bb header_6_text_color=\u00bbrgba(255,255,255,0.4)\u00bb header_6_letter_spacing=\u00bb2px\u00bb header_6_line_height=\u00bb1.7em\u00bb background_layout=\u00bbdark\u00bb module_alignment=\u00bbcenter\u00bb custom_margin=\u00bb|||\u00bb custom_margin_tablet=\u00bb0px|||\u00bb custom_margin_phone=\u00bb|||\u00bb custom_margin_last_edited=\u00bboff|desktop\u00bb text_line_height_last_edited=\u00bboff|desktop\u00bb global_colors_info=\u00bb{}\u00bb]<\/p>\n<h6>Email<\/h6>\n<p><span>tarjetas@dreamworld.cl<\/span><\/p>\n<p>[\/et_pb_text][\/et_pb_column][et_pb_column type=\u00bb1_4&#8243; _builder_version=\u00bb4.16&#8243; custom_padding=\u00bb|||\u00bb global_colors_info=\u00bb{}\u00bb custom_padding__hover=\u00bb|||\u00bb][et_pb_text admin_label=\u00bbLinks\u00bb _builder_version=\u00bb4.23&#8243; text_font=\u00bbOpen Sans|600|||||||\u00bb text_text_color=\u00bb#ffffff\u00bb text_line_height=\u00bb1.4em\u00bb link_font=\u00bbOpen Sans|600|||||||\u00bb link_text_color=\u00bb#ffffff\u00bb link_line_height=\u00bb2.5em\u00bb header_font=\u00bb||||||||\u00bb header_2_font=\u00bb||||||||\u00bb header_3_font=\u00bb||||||||\u00bb header_6_font=\u00bbOswald|500||on|||||\u00bb header_6_text_color=\u00bbrgba(255,255,255,0.4)\u00bb header_6_letter_spacing=\u00bb2px\u00bb header_6_line_height=\u00bb1.7em\u00bb background_layout=\u00bbdark\u00bb module_alignment=\u00bbcenter\u00bb custom_margin=\u00bb|||\u00bb custom_margin_tablet=\u00bb0px|||\u00bb custom_margin_phone=\u00bb|||\u00bb custom_margin_last_edited=\u00bboff|desktop\u00bb text_line_height_last_edited=\u00bboff|desktop\u00bb global_colors_info=\u00bb{}\u00bb]<\/p>\n<h6>Phone<\/h6>\n<p>+569 96<span>795756<\/span><\/p>\n<p>&nbsp;<\/p>\n<p>[\/et_pb_text][\/et_pb_column][et_pb_column type=\u00bb1_4&#8243; _builder_version=\u00bb4.16&#8243; custom_padding=\u00bb|||\u00bb global_colors_info=\u00bb{}\u00bb custom_padding__hover=\u00bb|||\u00bb][et_pb_text admin_label=\u00bbLinks\u00bb _builder_version=\u00bb4.23&#8243; text_font=\u00bbOpen Sans|600|||||||\u00bb text_text_color=\u00bb#ffffff\u00bb text_line_height=\u00bb1.4em\u00bb link_font=\u00bbOpen Sans|600|||||||\u00bb link_text_color=\u00bb#ffffff\u00bb link_line_height=\u00bb2.5em\u00bb header_font=\u00bb||||||||\u00bb header_2_font=\u00bb||||||||\u00bb header_3_font=\u00bb||||||||\u00bb header_6_font=\u00bbOswald|500||on|||||\u00bb header_6_text_color=\u00bbrgba(255,255,255,0.4)\u00bb header_6_letter_spacing=\u00bb2px\u00bb header_6_line_height=\u00bb1.7em\u00bb background_layout=\u00bbdark\u00bb module_alignment=\u00bbcenter\u00bb custom_margin=\u00bb|||\u00bb custom_margin_tablet=\u00bb0px|||\u00bb custom_margin_phone=\u00bb|||\u00bb custom_margin_last_edited=\u00bboff|desktop\u00bb text_line_height_last_edited=\u00bboff|desktop\u00bb global_colors_info=\u00bb{}\u00bb]<\/p>\n<h6>Horarios<\/h6>\n<p><span>Lunes a Viernes: 9:00 AM \u2013 6:00 PM<\/span><br \/><span>S\u00e1bado y Domingo: 11:00 AM \u2013 5:00 PM<\/span><\/p>\n<p>[\/et_pb_text][\/et_pb_column][\/et_pb_row][\/et_pb_section]<\/p>\n","protected":false},"excerpt":{"rendered":"<p>Cont\u00e1ctanos Estamos aqu\u00ed para responder a tus preguntas y atender tus necesidades. Si deseas obtener m\u00e1s informaci\u00f3n sobre nuestros servicios o si tienes alguna consulta, no dudes en ponerte en contacto con nosotros. Estaremos encantados de ayudarte.V Regi\u00f3n, Valpara\u00edso+569 96795756tarjetas@dreamworld.clL-V: 9 am &#8211; 17:30 pmEmail tarjetas@dreamworld.clPhone +569 96795756 &nbsp;Horarios Lunes a Viernes: 9:00 AM \u2013 [&hellip;]<\/p>\n","protected":false},"author":1,"featured_media":0,"parent":0,"menu_order":0,"comment_status":"closed","ping_status":"closed","template":"","meta":{"_et_pb_use_builder":"on","_et_pb_old_content":"","_et_gb_content_width":"","footnotes":""},"class_list":["post-31","page","type-page","status-publish","hentry"],"_links":{"self":[{"href":"https:\/\/dreamworld.cl\/index.php?rest_route=\/wp\/v2\/pages\/31","targetHints":{"allow":["GET"]}}],"collection":[{"href":"https:\/\/dreamworld.cl\/index.php?rest_route=\/wp\/v2\/pages"}],"about":[{"href":"https:\/\/dreamworld.cl\/index.php?rest_route=\/wp\/v2\/types\/page"}],"author":[{"embeddable":true,"href":"https:\/\/dreamworld.cl\/index.php?rest_route=\/wp\/v2\/users\/1"}],"replies":[{"embeddable":true,"href":"https:\/\/dreamworld.cl\/index.php?rest_route=%2Fwp%2Fv2%2Fcomments&post=31"}],"version-history":[{"count":15,"href":"https:\/\/dreamworld.cl\/index.php?rest_route=\/wp\/v2\/pages\/31\/revisions"}],"predecessor-version":[{"id":107,"href":"https:\/\/dreamworld.cl\/index.php?rest_route=\/wp\/v2\/pages\/31\/revisions\/107"}],"wp:attachment":[{"href":"https:\/\/dreamworld.cl\/index.php?rest_route=%2Fwp%2Fv2%2Fmedia&parent=31"}],"curies":[{"name":"wp","href":"https:\/\/api.w.org\/{rel}","templated":true}]}}